{"id":18,"date":"2025-05-15T10:05:30","date_gmt":"2025-05-15T10:05:30","guid":{"rendered":"http:\/\/51.68.250.28\/wooc\/08\/?page_id=18"},"modified":"2025-05-28T10:30:18","modified_gmt":"2025-05-28T10:30:18","slug":"inicio","status":"publish","type":"page","link":"http:\/\/51.68.250.28\/wooc\/08\/","title":{"rendered":"Inici"},"content":{"rendered":"<div class=\"wp-block-cover alignfull is-light\" style=\"min-height:720px;aspect-ratio:unset;\"><span aria-hidden=\"true\" class=\"wp-block-cover__background has-background-dim-100 has-background-dim has-background-gradient\" style=\"background:linear-gradient(35deg,rgb(6,0,151) 0%,rgb(130,4,255) 73%,rgb(193,15,255) 100%)\"><\/span><div class=\"wp-block-cover__inner-container is-layout-flow wp-block-cover-is-layout-flow\"><div class=\"wp-block-group alignwide\"><div class=\"wp-block-group__inner-container is-layout-constrained wp-block-group-is-layout-constrained\"><div class=\"wp-block-group is-nowrap is-layout-flex wp-container-core-group-is-layout-2 wp-block-group-is-layout-flex\"><div class=\"wp-block-media-text alignwide has-media-on-the-right is-stacked-on-mobile is-vertically-aligned-center\" style=\"grid-template-columns:auto 15%\"><div class=\"wp-block-media-text__content\"><h2 class=\"wp-block-heading has-text-align-left has-white-color has-text-color\">Oasi de Lletres t\u00e9 els millors llibres!<\/h2>\n\n<div class=\"wp-block-group is-nowrap is-layout-flex wp-container-core-group-is-layout-1 wp-block-group-is-layout-flex\"><p class=\"has-white-color has-text-color\">Pots comprar-los a la web i veure una vista pr\u00e8via o anar a les nostres botigues f\u00edsiques<\/p><\/div>\n\n<div class=\"wp-block-buttons is-layout-flex wp-block-buttons-is-layout-flex\"><div class=\"wp-block-button\"><a class=\"wp-block-button__link wp-element-button\" href=\"http:\/\/51.68.250.28\/wooc\/08\/index.php\/tienda\/\">Visita el nostre e-commerce<\/a><\/div><\/div><\/div><figure class=\"wp-block-media-text__media\"><img decoding=\"async\" src=\"http:\/\/51.68.250.28\/wooc\/08\/wp-content\/themes\/astra\/inc\/assets\/images\/starter-content\/hero-img.svg\" alt=\"\" class=\"wp-image-118 size-full\"\/><\/figure><\/div>\n\n<figure class=\"wp-block-image size-full is-resized\"><img loading=\"lazy\" decoding=\"async\" width=\"980\" height=\"980\" src=\"http:\/\/51.68.250.28\/wooc\/08\/wp-content\/uploads\/2025\/05\/libreria-1.webp\" alt=\"\" class=\"wp-image-116\" style=\"width:313px;height:auto\"\/><\/figure><\/div><\/div><\/div><\/div><\/div><div class=\"wp-block-group alignfull has-ast-global-color-5-background-color has-background\" style=\"padding-bottom:0px\"><div class=\"wp-block-group__inner-container is-layout-constrained wp-container-core-group-is-layout-4 wp-block-group-is-layout-constrained\"><div class=\"wp-block-columns are-vertically-aligned-top is-layout-flex wp-container-core-columns-is-layout-1 wp-block-columns-is-layout-flex\"><div class=\"wp-block-column is-vertically-aligned-top is-layout-flow wp-block-column-is-layout-flow\"><h3 class=\"wp-block-heading has-text-align-left\" style=\"margin-top:16px\">Empresa local<\/h3>\n\n<p class=\"has-text-align-left\"><\/p><\/div>\n\n<div class=\"wp-block-column is-vertically-aligned-top is-layout-flow wp-block-column-is-layout-flow\"><h3 class=\"wp-block-heading has-text-align-left\" style=\"margin-top:16px\">E-commerce<\/h3>\n\n<p class=\"has-text-align-left\"><\/p><\/div><\/div><\/div><\/div><h2 class=\"wp-block-heading\">Best Sellers actuals<\/h2><div class=\"wp-block-image\"><figure class=\"aligncenter size-full is-resized\"><img loading=\"lazy\" decoding=\"async\" width=\"585\" height=\"426\" src=\"http:\/\/51.68.250.28\/wooc\/08\/wp-content\/uploads\/2025\/05\/50e8b6c8-cd23-4bed-8f5a-c2a229d4a326-removebg-preview.png\" alt=\"\" class=\"wp-image-102\" style=\"width:840px;height:auto\"\/><\/figure><\/div><div class=\"wp-block-media-text has-media-on-the-right is-stacked-on-mobile is-vertically-aligned-center\" style=\"grid-template-columns:auto 15%\"><div class=\"wp-block-media-text__content\"><div class=\"wp-block-group\" style=\"padding-right:80px\"><div class=\"wp-block-group__inner-container is-layout-constrained wp-container-core-group-is-layout-5 wp-block-group-is-layout-constrained\"><h2 class=\"wp-block-heading\" style=\"padding-right:40px\">Perqu\u00e8 escollir-nos a nosaltres<\/h2>\n\n<p>En aquests moments som la botiga que t\u00e9 m\u00e9s varietat de llibres i que t\u00e9 tamb\u00e9 els preus m\u00e9s baixos de totes les llibreries i e-commerce nacionals. Amb cl\u00e0ssics literaris, nous llan\u00e7aments i donem veu a autors independents, perqu\u00e8 les seves hist\u00f2ries siguin llegides.<\/p><\/div><\/div><\/div><figure class=\"wp-block-media-text__media\"><img decoding=\"async\" src=\"http:\/\/51.68.250.28\/wooc\/08\/wp-content\/themes\/astra\/inc\/assets\/images\/starter-content\/about-us.jpg\" alt=\"\" class=\"wp-image-237 size-full\"\/><\/figure><\/div><div class=\"wp-block-group alignfull has-ast-global-color-4-background-color has-background\" id=\"reviews\"><div class=\"wp-block-group__inner-container is-layout-constrained wp-container-core-group-is-layout-6 wp-block-group-is-layout-constrained\"><p class=\"has-text-align-center\" style=\"font-size:22px;line-height:1.6\">\u201cAquesta \u00e9s la millor botiga de llibres que he visitat en molt temps, m&#8217;ha agradat que tenen les ofertes molt actualitzades.\u201d<\/p>\n\n<div class=\"wp-block-image\"><figure class=\"aligncenter size-full is-resized\"><img loading=\"lazy\" decoding=\"async\" width=\"975\" height=\"256\" src=\"http:\/\/51.68.250.28\/wooc\/08\/wp-content\/uploads\/2025\/05\/four-half-stars-customer-quality-260nw-1740000284-removebg-preview.png\" alt=\"\" class=\"wp-image-99\" style=\"width:195px;height:auto\"\/><\/figure><\/div>\n\n<p class=\"has-text-align-center\"><strong>Arnau Valls<\/strong><\/p><\/div><\/div><div class=\"wp-block-group alignfull has-background\" id=\"contact\" style=\"background:linear-gradient(35deg,rgb(6,0,151) 0%,rgb(130,4,255) 64%,rgb(193,15,255) 98%);padding-top:104px;padding-bottom:104px\"><div class=\"wp-block-group__inner-container is-layout-constrained wp-container-core-group-is-layout-7 wp-block-group-is-layout-constrained\"><h2 class=\"wp-block-heading has-text-align-center has-text-color\" style=\"color:#ffffff\">Compra a la nostra botiga ara!<\/h2>\n\n<div class=\"wp-block-buttons alignwide is-horizontal is-content-justification-center is-layout-flex wp-container-core-buttons-is-layout-2 wp-block-buttons-is-layout-flex\" style=\"margin-top:50px\"><div class=\"wp-block-button\"><a class=\"wp-block-button__link wp-element-button\" href=\"http:\/\/51.68.250.28\/wooc\/08\/index.php\/tienda\/\">Visita el nostre e-commerce<\/a><\/div><\/div><\/div><\/div><p><\/p>","protected":false},"excerpt":{"rendered":"<p>Empresa local E-commerce Best Sellers actuals \u201cAquesta \u00e9s la millor botiga de llibres que he visitat en molt temps, m&#8217;ha agradat que tenen les ofertes molt actualitzades.\u201d Arnau Valls Compra a la nostra botiga ara!<\/p>\n","protected":false},"author":1,"featured_media":0,"parent":0,"menu_order":0,"comment_status":"closed","ping_status":"closed","template":"","meta":{"footnotes":""},"class_list":["post-18","page","type-page","status-publish","hentry"],"_links":{"self":[{"href":"http:\/\/51.68.250.28\/wooc\/08\/index.php\/wp-json\/wp\/v2\/pages\/18","targetHints":{"allow":["GET"]}}],"collection":[{"href":"http:\/\/51.68.250.28\/wooc\/08\/index.php\/wp-json\/wp\/v2\/pages"}],"about":[{"href":"http:\/\/51.68.250.28\/wooc\/08\/index.php\/wp-json\/wp\/v2\/types\/page"}],"author":[{"embeddable":true,"href":"http:\/\/51.68.250.28\/wooc\/08\/index.php\/wp-json\/wp\/v2\/users\/1"}],"replies":[{"embeddable":true,"href":"http:\/\/51.68.250.28\/wooc\/08\/index.php\/wp-json\/wp\/v2\/comments?post=18"}],"version-history":[{"count":18,"href":"http:\/\/51.68.250.28\/wooc\/08\/index.php\/wp-json\/wp\/v2\/pages\/18\/revisions"}],"predecessor-version":[{"id":118,"href":"http:\/\/51.68.250.28\/wooc\/08\/index.php\/wp-json\/wp\/v2\/pages\/18\/revisions\/118"}],"wp:attachment":[{"href":"http:\/\/51.68.250.28\/wooc\/08\/index.php\/wp-json\/wp\/v2\/media?parent=18"}],"curies":[{"name":"wp","href":"https:\/\/api.w.org\/{rel}","templated":true}]}}