{"id":14,"date":"2025-05-20T11:50:56","date_gmt":"2025-05-20T11:50:56","guid":{"rendered":"http:\/\/51.68.250.28\/wooc\/03\/?page_id=14"},"modified":"2025-05-29T10:16:57","modified_gmt":"2025-05-29T10:16:57","slug":"inicio","status":"publish","type":"page","link":"http:\/\/51.68.250.28\/wooc\/03\/","title":{"rendered":"Inicio"},"content":{"rendered":"<div class=\"wp-block-cover alignfull is-light has-parallax\" style=\"min-height:720px;aspect-ratio:unset;\"><span aria-hidden=\"true\" class=\"wp-block-cover__background has-background-dim-0 has-background-dim has-background-gradient\" style=\"background-color:#b7b0a8;background:linear-gradient(35deg,rgb(6,0,151) 0%,rgb(130,4,255) 73%,rgb(193,15,255) 100%)\"><\/span><div class=\"wp-block-cover__image-background wp-image-122 has-parallax\" style=\"background-position:50% 50%;background-image:url(http:\/\/51.68.250.28\/wooc\/03\/wp-content\/uploads\/2025\/05\/Apotheek-Willekens-1.jpeg)\"><\/div><div class=\"wp-block-cover__inner-container is-layout-flow wp-block-cover-is-layout-flow\"><div class=\"inherit-container-width wp-block-group alignwide is-layout-constrained wp-block-group-is-layout-constrained\"><p class=\"has-ast-global-color-8-color has-ast-global-color-5-background-color has-text-color has-background has-link-color has-x-large-font-size wp-elements-f7a1ed775499298b6c0af31d8cc94ece\">Benvinguts a SaluWeb!<\/p><\/div>\n\n<details class=\"wp-block-details is-layout-flow wp-block-details-is-layout-flow\"><summary>http:\/\/51.68.250.28\/wooc\/03\/index.php\/tienda\/<\/summary><a class=\"wp-block-read-more\" href=\"http:\/\/51.68.250.28\/wooc\/03\/\" target=\"_self\"><strong><mark style=\"background-color:#a1ffcc\" class=\"has-inline-color\">Ver tienda<\/mark><\/strong><span class=\"screen-reader-text\">: Inicio<\/span><\/a>\n\n<p><\/p><\/details>\n\n<div class=\"inherit-container-width wp-block-group alignwide is-layout-constrained wp-block-group-is-layout-constrained\"><p class=\"has-ast-global-color-8-color has-text-color has-link-color wp-elements-d3714a0234a1cf521b8b2da9961fb73a\"><strong><br><\/strong><\/p><\/div><\/div><\/div><div class=\"wp-block-group alignfull has-ast-global-color-5-background-color has-background is-layout-constrained wp-container-core-group-is-layout-3 wp-block-group-is-layout-constrained\" style=\"padding-bottom:0px\"><div class=\"wp-block-columns are-vertically-aligned-top is-layout-flex wp-container-core-columns-is-layout-1 wp-block-columns-is-layout-flex\"><div class=\"wp-block-column is-vertically-aligned-top is-layout-flow wp-container-core-column-is-layout-1 wp-block-column-is-layout-flow\"><\/div>\n\n<div class=\"wp-block-column is-vertically-aligned-top is-layout-flow wp-container-core-column-is-layout-2 wp-block-column-is-layout-flow\"><\/div>\n\n<div class=\"wp-block-column is-vertically-aligned-top is-layout-flow wp-container-core-column-is-layout-3 wp-block-column-is-layout-flow\"><\/div><\/div><\/div><div class=\"wp-block-group alignfull is-layout-constrained wp-container-core-group-is-layout-4 wp-block-group-is-layout-constrained\" id=\"services\" style=\"padding-top:144px;padding-bottom:0px\"><h2 class=\"wp-block-heading\">Per qu\u00e8 escollir-nos?<\/h2>\n\n<div class=\"wp-block-columns is-layout-flex wp-container-core-columns-is-layout-2 wp-block-columns-is-layout-flex\" style=\"margin-top:50px\"><div class=\"wp-block-column is-layout-flow wp-container-core-column-is-layout-4 wp-block-column-is-layout-flow\"><figure class=\"wp-block-image size-full is-resized\"><img loading=\"lazy\" decoding=\"async\" width=\"283\" height=\"244\" src=\"http:\/\/51.68.250.28\/wooc\/03\/wp-content\/uploads\/2025\/05\/qualitat.png\" alt=\"\" class=\"wp-image-117\" style=\"width:189px;height:auto\"\/><\/figure>\n\n<h3 class=\"wp-block-heading\" style=\"margin-top:16px\">Qualitat<\/h3>\n\n<p>Tenim els productes m\u00e9s fiables i amb la millor qualitat al millor preu.<\/p><\/div>\n\n<div class=\"wp-block-column is-layout-flow wp-container-core-column-is-layout-5 wp-block-column-is-layout-flow\"><figure class=\"wp-block-image size-full\"><img loading=\"lazy\" decoding=\"async\" width=\"213\" height=\"233\" src=\"http:\/\/51.68.250.28\/wooc\/03\/wp-content\/uploads\/2025\/05\/distribucion.png\" alt=\"\" class=\"wp-image-116\"\/><\/figure>\n\n<h3 class=\"wp-block-heading\" style=\"margin-top:16px\">Distribuci\u00f3<\/h3>\n\n<p>La nostra p\u00e0gina web est\u00e1 dissenyada per facilitzar la b\u00fasqueda de productes als nostres clients, est\u00e1 distribuida per categories, amb lo qual, no ser\u00e1 res dificil trobar el que busques!<\/p><\/div>\n\n<div class=\"wp-block-column is-layout-flow wp-container-core-column-is-layout-6 wp-block-column-is-layout-flow\"><figure class=\"wp-block-image size-full\"><img loading=\"lazy\" decoding=\"async\" width=\"236\" height=\"241\" src=\"http:\/\/51.68.250.28\/wooc\/03\/wp-content\/uploads\/2025\/05\/comanda.png\" alt=\"\" class=\"wp-image-115\"\/><\/figure>\n\n<h3 class=\"wp-block-heading\" style=\"margin-top:16px\">Comandes<\/h3>\n\n<p>Els nostres enviaments tarden entre 48-72 hores, l&#8217;enviament es completament gratu\u00eft si la teva compra supera els 12,99\u20ac.<\/p><\/div><\/div><\/div><div class=\"wp-block-group alignfull has-ast-global-color-5-background-color has-background is-layout-constrained wp-container-core-group-is-layout-6 wp-block-group-is-layout-constrained\" id=\"about\" style=\"padding-top:143px;padding-bottom:144px\"><div class=\"wp-block-media-text has-media-on-the-right is-stacked-on-mobile is-vertically-aligned-center\"><div class=\"wp-block-media-text__content\"><div class=\"inherit-container-width wp-block-group is-layout-constrained wp-container-core-group-is-layout-5 wp-block-group-is-layout-constrained\" style=\"padding-right:80px\"><h2 class=\"wp-block-heading\" style=\"padding-right:40px\">Compromesos amb la salut i amb el planeta<\/h2>\n\n<p>A la nostra farm\u00e0cia en l\u00ednia no nom\u00e9s ens preocupa la teva salut, tamb\u00e9 la del m\u00f3n que t\u2019envolta. Per aix\u00f2, hem fet una aposta clara pels <strong>productes sostenibles<\/strong>, ecol\u00f2gics i respectuosos amb el medi ambient.<\/p>\n\n<p>Seleccionem marques i productes que redueixen l&#8217;impacte ambiental, amb <strong>envasos reciclables o reutilitzables<\/strong>, ingredients naturals, f\u00f3rmules lliures de t\u00f2xics i processos de producci\u00f3 responsables. Des de cosm\u00e8tica ecol\u00f2gica fins a productes d\u2019higiene personal, cuidem cada detall perqu\u00e8 tu puguis <strong>tenir cura de tu mateix\/a sense renunciar al futur del nostre planeta<\/strong>.<\/p>\n\n<p>Creiem que <strong>la salut comen\u00e7a per les petites decisions del dia a dia<\/strong>. I escollir productes sostenibles \u00e9s una d\u2019elles.<\/p>\n\n<p><\/p><\/div><\/div><figure class=\"wp-block-media-text__media\"><img loading=\"lazy\" decoding=\"async\" width=\"1200\" height=\"800\" src=\"http:\/\/51.68.250.28\/wooc\/03\/wp-content\/uploads\/2025\/05\/1640219_1200.jpg\" alt=\"\" class=\"wp-image-120 size-full\"\/><\/figure><\/div><\/div><div class=\"wp-block-group alignfull has-ast-global-color-4-background-color has-background is-layout-constrained wp-container-core-group-is-layout-7 wp-block-group-is-layout-constrained\" id=\"reviews\"><p class=\"has-text-align-center\" style=\"font-size:22px;line-height:1.6\">\u00bbSalut i benestar a un clic de dist\u00e0ncia\u00bb<\/p>\n\n<p class=\"has-text-align-center\"><strong>SaluWeb<\/strong><\/p>\n\n<p class=\"has-text-align-center\">\u00bbMolt satisfeta amb la compra, m&#8217;ha arribat a casa en menys de 24 hores\u00bb- Mar\u00eda L\u00f3pez<\/p><\/div><p><\/p>","protected":false},"excerpt":{"rendered":"<p>Per qu\u00e8 escollir-nos? Qualitat Tenim els productes m\u00e9s fiables i amb la millor qualitat al millor preu. Distribuci\u00f3 La nostra [&hellip;]<\/p>\n","protected":false},"author":1,"featured_media":0,"parent":0,"menu_order":0,"comment_status":"closed","ping_status":"closed","template":"","meta":{"site-sidebar-layout":"no-sidebar","site-content-layout":"plain-container","ast-site-content-layout":"","site-content-style":"default","site-sidebar-style":"default","ast-global-header-display":"","ast-banner-title-visibility":"","ast-main-header-display":"","ast-hfb-above-header-display":"","ast-hfb-below-header-display":"","ast-hfb-mobile-header-display":"","site-post-title":"disabled","ast-breadcrumbs-content":"","ast-featured-img":"","footer-sml-layout":"","theme-transparent-header-meta":"enabled","adv-header-id-meta":"","stick-header-meta":"","header-above-stick-meta":"","header-main-stick-meta":"","header-below-stick-meta":"","astra-migrate-meta-layouts":"default","ast-page-background-enabled":"default","ast-page-background-meta":{"desktop":{"background-color":"var(--ast-global-color-5)","background-image":"","background-repeat":"repeat","background-position":"center center","background-size":"auto","background-attachment":"scroll","background-type":"","background-media":"","overlay-type":"","overlay-color":"","overlay-opacity":"","overlay-gradient":""},"tablet":{"background-color":"","background-image":"","background-repeat":"repeat","background-position":"center center","background-size":"auto","background-attachment":"scroll","background-type":"","background-media":"","overlay-type":"","overlay-color":"","overlay-opacity":"","overlay-gradient":""},"mobile":{"background-color":"","background-image":"","background-repeat":"repeat","background-position":"center center","background-size":"auto","background-attachment":"scroll","background-type":"","background-media":"","overlay-type":"","overlay-color":"","overlay-opacity":"","overlay-gradient":""}},"ast-content-background-meta":{"desktop":{"background-color":"var(--ast-global-color-4)","background-image":"","background-repeat":"repeat","background-position":"center center","background-size":"auto","background-attachment":"scroll","background-type":"","background-media":"","overlay-type":"","overlay-color":"","overlay-opacity":"","overlay-gradient":""},"tablet":{"background-color":"var(--ast-global-color-4)","background-image":"","background-repeat":"repeat","background-position":"center center","background-size":"auto","background-attachment":"scroll","background-type":"","background-media":"","overlay-type":"","overlay-color":"","overlay-opacity":"","overlay-gradient":""},"mobile":{"background-color":"var(--ast-global-color-4)","background-image":"","background-repeat":"repeat","background-position":"center center","background-size":"auto","background-attachment":"scroll","background-type":"","background-media":"","overlay-type":"","overlay-color":"","overlay-opacity":"","overlay-gradient":""}},"footnotes":""},"class_list":["post-14","page","type-page","status-publish","hentry"],"_links":{"self":[{"href":"http:\/\/51.68.250.28\/wooc\/03\/index.php\/wp-json\/wp\/v2\/pages\/14","targetHints":{"allow":["GET"]}}],"collection":[{"href":"http:\/\/51.68.250.28\/wooc\/03\/index.php\/wp-json\/wp\/v2\/pages"}],"about":[{"href":"http:\/\/51.68.250.28\/wooc\/03\/index.php\/wp-json\/wp\/v2\/types\/page"}],"author":[{"embeddable":true,"href":"http:\/\/51.68.250.28\/wooc\/03\/index.php\/wp-json\/wp\/v2\/users\/1"}],"replies":[{"embeddable":true,"href":"http:\/\/51.68.250.28\/wooc\/03\/index.php\/wp-json\/wp\/v2\/comments?post=14"}],"version-history":[{"count":7,"href":"http:\/\/51.68.250.28\/wooc\/03\/index.php\/wp-json\/wp\/v2\/pages\/14\/revisions"}],"predecessor-version":[{"id":133,"href":"http:\/\/51.68.250.28\/wooc\/03\/index.php\/wp-json\/wp\/v2\/pages\/14\/revisions\/133"}],"wp:attachment":[{"href":"http:\/\/51.68.250.28\/wooc\/03\/index.php\/wp-json\/wp\/v2\/media?parent=14"}],"curies":[{"name":"wp","href":"https:\/\/api.w.org\/{rel}","templated":true}]}}